{"id":3000,"date":"2024-02-01T14:16:40","date_gmt":"2024-02-01T14:16:40","guid":{"rendered":"https:\/\/www.domaine-philippe-girard.com\/contact\/"},"modified":"2026-01-10T22:57:44","modified_gmt":"2026-01-10T22:57:44","slug":"contact","status":"publish","type":"page","link":"https:\/\/www.domaine-philippe-girard.com\/en\/contact\/","title":{"rendered":"Contact"},"content":{"rendered":"\t\t<div data-elementor-type=\"wp-page\" data-elementor-id=\"3000\" class=\"elementor elementor-3000 elementor-320\" data-elementor-post-type=\"page\">\n\t\t\t\t<div data-dce-background-overlay-image-url=\"https:\/\/www.domaine-philippe-girard.com\/wp-content\/uploads\/2024\/06\/Domaine_HD-69-copie.jpg\" class=\"elementor-element elementor-element-bb3d3a5 e-flex e-con-boxed e-con e-parent\" data-id=\"bb3d3a5\" data-element_type=\"container\" data-e-type=\"container\" data-settings=\"{&quot;jet_parallax_layout_list&quot;:[],&quot;background_background&quot;:&quot;classic&quot;}\">\n\t\t\t\t\t<div class=\"e-con-inner\">\n\t\t<div class=\"elementor-element elementor-element-389e919 e-con-full e-flex e-con e-child\" data-id=\"389e919\" data-element_type=\"container\" data-e-type=\"container\" data-settings=\"{&quot;jet_parallax_layout_list&quot;:[],&quot;motion_fx_motion_fx_scrolling&quot;:&quot;yes&quot;,&quot;motion_fx_translateY_effect&quot;:&quot;yes&quot;,&quot;motion_fx_translateY_direction&quot;:&quot;negative&quot;,&quot;motion_fx_translateY_speed&quot;:{&quot;unit&quot;:&quot;px&quot;,&quot;size&quot;:1,&quot;sizes&quot;:[]},&quot;motion_fx_translateY_affectedRange&quot;:{&quot;unit&quot;:&quot;%&quot;,&quot;size&quot;:&quot;&quot;,&quot;sizes&quot;:{&quot;start&quot;:0,&quot;end&quot;:35}},&quot;motion_fx_devices&quot;:[&quot;desktop&quot;,&quot;tablet&quot;,&quot;mobile&quot;]}\">\n\t\t\t\t<div class=\"elementor-element elementor-element-601a85c elementor-widget elementor-widget-heading\" data-id=\"601a85c\" data-element_type=\"widget\" data-e-type=\"widget\" data-widget_type=\"heading.default\">\n\t\t\t\t<div class=\"elementor-widget-container\">\n\t\t\t\t\t<h1 class=\"elementor-heading-title elementor-size-default\">06<\/h1>\t\t\t\t<\/div>\n\t\t\t\t<\/div>\n\t\t\t\t<div class=\"elementor-element elementor-element-f640b35 elementor-widget elementor-widget-heading\" data-id=\"f640b35\" data-element_type=\"widget\" data-e-type=\"widget\" data-widget_type=\"heading.default\">\n\t\t\t\t<div class=\"elementor-widget-container\">\n\t\t\t\t\t<h1 class=\"elementor-heading-title elementor-size-default\">CONTACT<\/h1>\t\t\t\t<\/div>\n\t\t\t\t<\/div>\n\t\t\t\t<div class=\"elementor-element elementor-element-691aedf elementor-widget elementor-widget-heading\" data-id=\"691aedf\" data-element_type=\"widget\" data-e-type=\"widget\" data-widget_type=\"heading.default\">\n\t\t\t\t<div class=\"elementor-widget-container\">\n\t\t\t\t\t<h3 class=\"elementor-heading-title elementor-size-default\">Information &amp; Tastings<\/h3>\t\t\t\t<\/div>\n\t\t\t\t<\/div>\n\t\t\t\t<div class=\"elementor-element elementor-element-d2e3129 elementor-widget-divider--view-line elementor-widget elementor-widget-divider\" data-id=\"d2e3129\" data-element_type=\"widget\" data-e-type=\"widget\" data-widget_type=\"divider.default\">\n\t\t\t\t<div class=\"elementor-widget-container\">\n\t\t\t\t\t\t\t<div class=\"elementor-divider\">\n\t\t\t<span class=\"elementor-divider-separator\">\n\t\t\t\t\t\t<\/span>\n\t\t<\/div>\n\t\t\t\t\t\t<\/div>\n\t\t\t\t<\/div>\n\t\t\t\t<\/div>\n\t\t\t\t<div class=\"elementor-element elementor-element-2194fea elementor-align-center Vins elementor-invisible elementor-widget elementor-widget-button\" data-id=\"2194fea\" data-element_type=\"widget\" data-e-type=\"widget\" data-settings=\"{&quot;_animation&quot;:&quot;pulse&quot;,&quot;_animation_delay&quot;:2000}\" data-widget_type=\"button.default\">\n\t\t\t\t<div class=\"elementor-widget-container\">\n\t\t\t\t\t\t\t\t\t<div class=\"elementor-button-wrapper\">\n\t\t\t\t\t<a class=\"elementor-button elementor-button-link elementor-size-sm\" href=\"#contact\">\n\t\t\t\t\t\t<span class=\"elementor-button-content-wrapper\">\n\t\t\t\t\t\t\t\t\t<span class=\"elementor-button-text\">Discover<\/span>\n\t\t\t\t\t<\/span>\n\t\t\t\t\t<\/a>\n\t\t\t\t<\/div>\n\t\t\t\t\t\t\t\t<\/div>\n\t\t\t\t<\/div>\n\t\t\t\t\t<\/div>\n\t\t\t\t<\/div>\n\t\t<div class=\"elementor-element elementor-element-05d01e6 contact e-flex e-con-boxed e-con e-parent\" data-id=\"05d01e6\" data-element_type=\"container\" data-e-type=\"container\" id=\"contact\" data-settings=\"{&quot;jet_parallax_layout_list&quot;:[]}\">\n\t\t\t\t\t<div class=\"e-con-inner\">\n\t\t<div class=\"elementor-element elementor-element-015cc77 e-con-full e-flex e-con e-child\" data-id=\"015cc77\" data-element_type=\"container\" data-e-type=\"container\" data-settings=\"{&quot;jet_parallax_layout_list&quot;:[],&quot;motion_fx_motion_fx_scrolling&quot;:&quot;yes&quot;,&quot;motion_fx_translateY_effect&quot;:&quot;yes&quot;,&quot;motion_fx_translateY_direction&quot;:&quot;negative&quot;,&quot;motion_fx_translateY_speed&quot;:{&quot;unit&quot;:&quot;px&quot;,&quot;size&quot;:1,&quot;sizes&quot;:[]},&quot;motion_fx_translateY_affectedRange&quot;:{&quot;unit&quot;:&quot;%&quot;,&quot;size&quot;:&quot;&quot;,&quot;sizes&quot;:{&quot;start&quot;:0,&quot;end&quot;:35}},&quot;motion_fx_devices&quot;:[&quot;desktop&quot;,&quot;tablet&quot;,&quot;mobile&quot;]}\">\n\t\t\t\t<div class=\"elementor-element elementor-element-26de224 elementor-widget elementor-widget-text-editor\" data-id=\"26de224\" data-element_type=\"widget\" data-e-type=\"widget\" data-widget_type=\"text-editor.default\">\n\t\t\t\t<div class=\"elementor-widget-container\">\n\t\t\t\t\t\t\t\t\t<p>The team welcomes you by appointment at the Domaine and at the Salons des Vignerons Ind\u00e9pendants.<\/p><p><strong>03.80.21.57.97<br><\/strong><strong>contact@domaine-philippe-girard.com<\/strong><\/p><p>37, rue du G\u00e9n\u00e9ral Leclerc<br>21420 Savigny-L\u00e8s-Beaune<br>France<\/p>\t\t\t\t\t\t\t\t<\/div>\n\t\t\t\t<\/div>\n\t\t\t\t<div class=\"elementor-element elementor-element-964ada0 elementor-widget elementor-widget-spacer\" data-id=\"964ada0\" data-element_type=\"widget\" data-e-type=\"widget\" data-widget_type=\"spacer.default\">\n\t\t\t\t<div class=\"elementor-widget-container\">\n\t\t\t\t\t\t\t<div class=\"elementor-spacer\">\n\t\t\t<div class=\"elementor-spacer-inner\"><\/div>\n\t\t<\/div>\n\t\t\t\t\t\t<\/div>\n\t\t\t\t<\/div>\n\t\t\t\t<div class=\"elementor-element elementor-element-955143a elementor-widget elementor-widget-google_maps\" data-id=\"955143a\" data-element_type=\"widget\" data-e-type=\"widget\" data-widget_type=\"google_maps.default\">\n\t\t\t\t<div class=\"elementor-widget-container\">\n\t\t\t\t\t\t\t<div class=\"elementor-custom-embed\">\n\t\t\t<iframe loading=\"lazy\"\n\t\t\t\t\tsrc=\"https:\/\/maps.google.com\/maps?q=Domaine%20Philippe%20Girard%2C37%20rue%20du%20G%C3%A9n%C3%A9ral%20Leclerc%2C%2021420%20Savigny-L%C3%A8s-Beaune%20-%20France&#038;t=m&#038;z=14&#038;output=embed&#038;iwloc=near\"\n\t\t\t\t\ttitle=\"Domaine Philippe Girard,37 rue du G\u00e9n\u00e9ral Leclerc, 21420 Savigny-L\u00e8s-Beaune - France\"\n\t\t\t\t\taria-label=\"Domaine Philippe Girard,37 rue du G\u00e9n\u00e9ral Leclerc, 21420 Savigny-L\u00e8s-Beaune - France\"\n\t\t\t><\/iframe>\n\t\t<\/div>\n\t\t\t\t\t\t<\/div>\n\t\t\t\t<\/div>\n\t\t\t\t<\/div>\n\t\t<div class=\"elementor-element elementor-element-24f5cf8 e-con-full e-flex e-con e-child\" data-id=\"24f5cf8\" data-element_type=\"container\" data-e-type=\"container\" data-settings=\"{&quot;jet_parallax_layout_list&quot;:[]}\">\n\t\t\t\t<div class=\"elementor-element elementor-element-fde7fc2 dce_masking-none elementor-widget elementor-widget-image\" data-id=\"fde7fc2\" data-element_type=\"widget\" data-e-type=\"widget\" data-settings=\"{&quot;motion_fx_motion_fx_scrolling&quot;:&quot;yes&quot;,&quot;motion_fx_translateY_effect&quot;:&quot;yes&quot;,&quot;motion_fx_translateY_speed&quot;:{&quot;unit&quot;:&quot;px&quot;,&quot;size&quot;:1,&quot;sizes&quot;:[]},&quot;motion_fx_translateY_affectedRange&quot;:{&quot;unit&quot;:&quot;%&quot;,&quot;size&quot;:&quot;&quot;,&quot;sizes&quot;:{&quot;start&quot;:0,&quot;end&quot;:100}},&quot;motion_fx_devices&quot;:[&quot;desktop&quot;,&quot;tablet&quot;,&quot;mobile&quot;]}\" data-widget_type=\"image.default\">\n\t\t\t\t<div class=\"elementor-widget-container\">\n\t\t\t\t\t\t\t\t\t\t\t\t\t\t\t<img fetchpriority=\"high\" decoding=\"async\" width=\"682\" height=\"1024\" src=\"https:\/\/www.domaine-philippe-girard.com\/wp-content\/uploads\/2024\/06\/Domaine_WEB-28-682x1024.jpg\" class=\"attachment-large size-large wp-image-2215\" alt=\"\" srcset=\"https:\/\/www.domaine-philippe-girard.com\/wp-content\/uploads\/2024\/06\/Domaine_WEB-28-682x1024.jpg 682w, https:\/\/www.domaine-philippe-girard.com\/wp-content\/uploads\/2024\/06\/Domaine_WEB-28-200x300.jpg 200w, https:\/\/www.domaine-philippe-girard.com\/wp-content\/uploads\/2024\/06\/Domaine_WEB-28-768x1152.jpg 768w, https:\/\/www.domaine-philippe-girard.com\/wp-content\/uploads\/2024\/06\/Domaine_WEB-28-1024x1536.jpg 1024w, https:\/\/www.domaine-philippe-girard.com\/wp-content\/uploads\/2024\/06\/Domaine_WEB-28.jpg 1333w\" sizes=\"(max-width: 682px) 100vw, 682px\" \/>\t\t\t\t\t\t\t\t\t\t\t\t\t\t\t<\/div>\n\t\t\t\t<\/div>\n\t\t\t\t<\/div>\n\t\t\t\t\t<\/div>\n\t\t\t\t<\/div>\n\t\t\t\t<\/div>\n\t\t","protected":false},"excerpt":{"rendered":"<p>06 CONTACT Information &amp; Tastings Discover The team welcomes you by appointment at the Domaine and at the Salons des Vignerons Ind\u00e9pendants. 03.80.21.57.97contact@domaine-philippe-girard.com 37, rue du G\u00e9n\u00e9ral Leclerc21420 Savigny-L\u00e8s-BeauneFrance<\/p>\n","protected":false},"author":1,"featured_media":0,"parent":0,"menu_order":0,"comment_status":"closed","ping_status":"closed","template":"","meta":{"_seopress_robots_primary_cat":"","_seopress_titles_title":"","_seopress_titles_desc":"","_seopress_robots_index":"","footnotes":""},"class_list":["post-3000","page","type-page","status-publish","hentry"],"_links":{"self":[{"href":"https:\/\/www.domaine-philippe-girard.com\/en\/wp-json\/wp\/v2\/pages\/3000","targetHints":{"allow":["GET"]}}],"collection":[{"href":"https:\/\/www.domaine-philippe-girard.com\/en\/wp-json\/wp\/v2\/pages"}],"about":[{"href":"https:\/\/www.domaine-philippe-girard.com\/en\/wp-json\/wp\/v2\/types\/page"}],"author":[{"embeddable":true,"href":"https:\/\/www.domaine-philippe-girard.com\/en\/wp-json\/wp\/v2\/users\/1"}],"replies":[{"embeddable":true,"href":"https:\/\/www.domaine-philippe-girard.com\/en\/wp-json\/wp\/v2\/comments?post=3000"}],"version-history":[{"count":2,"href":"https:\/\/www.domaine-philippe-girard.com\/en\/wp-json\/wp\/v2\/pages\/3000\/revisions"}],"predecessor-version":[{"id":3002,"href":"https:\/\/www.domaine-philippe-girard.com\/en\/wp-json\/wp\/v2\/pages\/3000\/revisions\/3002"}],"wp:attachment":[{"href":"https:\/\/www.domaine-philippe-girard.com\/en\/wp-json\/wp\/v2\/media?parent=3000"}],"curies":[{"name":"wp","href":"https:\/\/api.w.org\/{rel}","templated":true}]}}